{"id":1017,"date":"2025-11-24T13:49:34","date_gmt":"2025-11-24T12:49:34","guid":{"rendered":"https:\/\/www.turiongroup.com\/?page_id=1017"},"modified":"2026-03-03T09:04:26","modified_gmt":"2026-03-03T08:04:26","slug":"politica-de-cookies","status":"publish","type":"page","link":"https:\/\/www.turiongroup.com\/ca\/politica-de-cookies\/","title":{"rendered":"Pol\u00edtica de cookies"},"content":{"rendered":"<h3><strong>Qu\u00e8 \u00e9s una cookie?<\/strong><\/h3>\n<p>Una cookie \u00e9s un fitxer que es descarrega al seu ordinador quan l\u2019Usuari accedeix a determinades p\u00e0gines web. Les cookies permeten a una p\u00e0gina web, entre altres coses, emmagatzemar i recuperar informaci\u00f3 sobre els h\u00e0bits de navegaci\u00f3 d\u2019un usuari o del seu equip i, depenent de la informaci\u00f3 que continguin i de la manera com s\u2019utilitzi el seu equip, poden utilitzar-se per recon\u00e8ixer l\u2019usuari.<\/p>\n<h3><strong>Quins tipus de cookies existeixen?<\/strong><\/h3>\n<p>Hi ha diversos tipus de cookies segons diferents criteris:<\/p>\n<p>Segons el temps que romanen activades:<\/p>\n<ul>\n<li><strong>Cookies de sessi\u00f3<\/strong>. S\u00f3n un tipus de cookies dissenyades per recollir i emmagatzemar dades mentre l\u2019usuari accedeix a una p\u00e0gina web.<\/li>\n<li><strong>Cookies permanents<\/strong>: S\u00f3n un tipus de cookies en qu\u00e8 les dades continuen emmagatzemades al terminal i poden ser accedides i tractades durant un per\u00edode definit pel responsable de la cookie.<\/li>\n<\/ul>\n<p>Segons la titularitat:<\/p>\n<ul>\n<li><strong>Cookies pr\u00f2pies<\/strong>. S\u00f3n les que pertanyen a Matershoppingrvl.es<\/li>\n<li><strong>Cookies de tercers<\/strong>. S\u00f3n aquelles la titularitat de les quals correspon a un tercer, diferent de Matershoppingrvl.es, que ser\u00e0 qui tracti la informaci\u00f3 recollida.<\/li>\n<\/ul>\n<p>Segons la seva finalitat:<\/p>\n<ul>\n<li><strong>Cookies t\u00e8cniques i\/o de personalitzaci\u00f3<\/strong>. S\u00f3n aquelles que serveixen per millorar el servei, localitzar incid\u00e8ncies, recon\u00e8ixer l\u2019usuari, etc.<\/li>\n<li><strong>Cookies d\u2019an\u00e0lisi i\/o publicitat<\/strong>. S\u00f3n aquelles que serveixen per analitzar informaci\u00f3 sobre la navegaci\u00f3 i oferir publicitat, sigui gen\u00e8rica o personalitzada.<\/li>\n<\/ul>\n<h3><strong>Quins tipus de cookies s\u00f3n m\u00e9s habituals?<\/strong><\/h3>\n<ul>\n<li><strong>T\u00c8CNIQUES<\/strong>: S\u00f3n cookies PR\u00d2PIES, de sessi\u00f3, d\u2019identificaci\u00f3, de configuraci\u00f3 i de registre, estrictament necess\u00e0ries per a la identificaci\u00f3 de l\u2019usuari i per a la prestaci\u00f3 dels serveis sol\u00b7licitats per l\u2019usuari. La informaci\u00f3 obtinguda a trav\u00e9s d\u2019elles \u00e9s tractada \u00fanicament per Matershoppingrvl.es.<\/li>\n<li><strong>D\u2019AN\u00c0LISI<\/strong>: S\u00f3n aquelles que, tractades per nosaltres o per tercers, ens permeten quantificar el nombre d\u2019usuaris i aix\u00ed realitzar la mesura i an\u00e0lisi estad\u00edstica de l\u2019\u00fas que fan els usuaris del servei ofert. Per aix\u00f2 s\u2019analitza la seva navegaci\u00f3 al nostre lloc web amb l\u2019objectiu de millorar l\u2019oferta de productes o serveis que oferim.<\/li>\n<li><strong>DE PUBLICITAT<\/strong>: S\u00f3n aquelles que, tractades per nosaltres o per tercers, permeten la gesti\u00f3, de la manera m\u00e9s eficient possible, dels espais publicitaris que es puguin incloure al nostre lloc web i\/o emmagatzemen informaci\u00f3 del comportament dels usuaris obtinguda a trav\u00e9s de l\u2019observaci\u00f3 continuada. Gr\u00e0cies a elles, podem con\u00e8ixer els h\u00e0bits de navegaci\u00f3 a Internet i mostrar publicitat relacionada amb el seu perfil de navegaci\u00f3.<\/li>\n<\/ul>\n<h3><strong>Per a qu\u00e8 serveix una cookie?<\/strong><\/h3>\n<p>Les cookies s\u2019utilitzen per poder oferir-li serveis i\/o publicitat personalitzats, per analitzar el funcionament del sistema, recon\u00e8ixer-lo quan accedeix com a usuari, localitzar incid\u00e8ncies i problemes que puguin sorgir i solucionar-los en el menor temps possible, aix\u00ed com analitzar i mesurar l\u2019\u00fas i activitat de la p\u00e0gina web.<\/p>\n<h3><strong>Es necessita el meu consentiment per implantar una cookie?<\/strong><\/h3>\n<p>No es precisa el consentiment per a la instal\u00b7laci\u00f3 de cookies t\u00e8cniques o les que siguin estrictament necess\u00e0ries per a la prestaci\u00f3 d\u2019un servei de la societat de la informaci\u00f3 expressament sol\u00b7licitat pel destinatari.<\/p>\n<p>Per a la resta, s\u00ed que es necessita el consentiment de l\u2019interessat que es pot sol\u00b7licitar per diferents vies. En el cas de Matershoppingrvl.es, s\u2019entendr\u00e0 atorgat si Vd. continua utilitzant la p\u00e0gina web, sense perjudici que en qualsevol moment podr\u00e0 revocar-lo i desactivar les cookies.<\/p>\n<h3><strong>Quins tipus de cookies utilitza aquesta p\u00e0gina web?<\/strong><\/h3>\n<p><strong>Cookies t\u00e8cniques:<\/strong> S\u00f3n aquelles creades i gestionades \u00fanicament per nosaltres, i permeten a l\u2019usuari la navegaci\u00f3 a trav\u00e9s de la nostra p\u00e0gina web i la utilitzaci\u00f3 de les diferents opcions com, per exemple, identificar la sessi\u00f3, personalitzar informaci\u00f3 o accedir a zones d\u2019acc\u00e9s restringit.<\/p>\n<p>El lloc web de Matershoppingrvl.es utilitza (o pot utilitzar) Google Analytics, una eina d\u2019anal\u00edtica web desenvolupada per Google, que ajuda als propietaris de llocs web a mesurar com interactuen els usuaris amb el contingut del lloc. Per a la prestaci\u00f3 d\u2019aquests serveis, Google Analytics utilitza cookies que recopilen la informaci\u00f3, inclosa l\u2019adre\u00e7a IP de l\u2019usuari, que ser\u00e0 transmesa, tractada i emmagatzemada per Google segons els termes establerts a Google.com.<\/p>\n<p>Per a m\u00e9s informaci\u00f3 veure: <a href=\"https:\/\/developers.google.com\/analytics\/devguides\/collection\/analyticsjs\/cookie-usage\" target=\"_blank\" rel=\"noopener\">https:\/\/developers.google.com\/analytics\/devguides\/collection\/analyticsjs\/cookie-usage<br \/>\n<\/a><\/p>\n<p>El domini web www.www.turiongroup.com<br \/>\nutilitza els seg\u00fcents tipus de cookies:<\/p>\n<ul>\n<li><strong>_gat<\/strong> S\u2019utilitza per diferenciar entre usuaris i sessions. La cookie es crea al carregar la llibreta JavaScript i no hi ha una versi\u00f3 pr\u00e8via de la cookie. <strong>_ga<\/strong> La cookie s\u2019utilitza cada vegada que s\u2019envien les dades a Google Analytics. Expira als 2 anys.<\/li>\n<li><strong>_gid<\/strong> S\u2019utilitza per distingir els usuaris. Cookie de Google Analytics. Expira a les 24 hores.<\/li>\n<li><strong>cookie_ue<\/strong> Cookie t\u00e8cnica. Emmagatzema informaci\u00f3 sobre l\u2019acceptaci\u00f3 de la pol\u00edtica de cookies del web. Permanent. Expira als 12 mesos.<\/li>\n<li><strong>PHPSESSID<\/strong> Cookie pr\u00f2pia del prove\u00efdor de hosting. Caduca al finalitzar la sessi\u00f3 de navegaci\u00f3.<\/li>\n<li><strong>WordPress_sec_<\/strong> Cookie que controla l\u2019acc\u00e9s de WordPress.<\/li>\n<\/ul>\n<p><strong>Com desactivar les cookies?<\/strong><\/p>\n<p>Podeu permetre, bloquejar o eliminar les cookies instal\u00b7lades al vostre equip mitjan\u00e7ant la configuraci\u00f3 de les opcions del navegador instal\u00b7lat al vostre ordinador.<\/p>\n<ul>\n<li><a href=\"https:\/\/support.mozilla.org\/es\/kb\/habilitar-y-deshabilitar-cookies-sitios-web-rastrear-preferencias?redirectlocale=es&amp;redirectslug=habilitar-y-deshabilitar-cookies-que-los-sitios-web\" target=\"_blank\" rel=\"noopener\">Firefox<\/a><\/li>\n<li><a href=\"https:\/\/support.google.com\/chrome\/answer\/95647?hl=es\" target=\"_blank\" rel=\"noopener\">Chrome<\/a><\/li>\n<li><a href=\"https:\/\/support.microsoft.com\/es-es\/products\/windows?os=windows-10\" target=\"_blank\" rel=\"noopener\">Internet Explorer<\/a><\/li>\n<li><a href=\"https:\/\/support.apple.com\/kb\/ph5042?locale=es_ES\" target=\"_blank\" rel=\"noopener\">Safari<\/a><\/li>\n<li><a href=\"https:\/\/support.apple.com\/es-es\/HT201265\" target=\"_blank\" rel=\"noopener\">Safari per iOS<\/a><\/li>\n<li><a href=\"http:\/\/help.opera.com\/Windows\/11.50\/es-ES\/cookies.html\" target=\"_blank\" rel=\"noopener\">Opera<\/a><\/li>\n<\/ul>\n","protected":false},"excerpt":{"rendered":"<p>Qu\u00e8 \u00e9s una cookie? Una cookie \u00e9s un fitxer que es descarrega al seu ordinador quan l\u2019Usuari accedeix a determinades p\u00e0gines web. Les cookies permeten a una p\u00e0gina web, entre altres coses, emmagatzemar i recuperar informaci\u00f3 sobre els h\u00e0bits de navegaci\u00f3 d\u2019un usuari o del seu equip i, depenent de la informaci\u00f3 que continguin i&#8230;<\/p>\n","protected":false},"author":1,"featured_media":0,"parent":0,"menu_order":0,"comment_status":"closed","ping_status":"closed","template":"","meta":{"_acf_changed":false,"inline_featured_image":false,"footnotes":""},"class_list":["post-1017","page","type-page","status-publish","hentry"],"acf":[],"_links":{"self":[{"href":"https:\/\/www.turiongroup.com\/ca\/wp-json\/wp\/v2\/pages\/1017","targetHints":{"allow":["GET"]}}],"collection":[{"href":"https:\/\/www.turiongroup.com\/ca\/wp-json\/wp\/v2\/pages"}],"about":[{"href":"https:\/\/www.turiongroup.com\/ca\/wp-json\/wp\/v2\/types\/page"}],"author":[{"embeddable":true,"href":"https:\/\/www.turiongroup.com\/ca\/wp-json\/wp\/v2\/users\/1"}],"replies":[{"embeddable":true,"href":"https:\/\/www.turiongroup.com\/ca\/wp-json\/wp\/v2\/comments?post=1017"}],"version-history":[{"count":1,"href":"https:\/\/www.turiongroup.com\/ca\/wp-json\/wp\/v2\/pages\/1017\/revisions"}],"predecessor-version":[{"id":1018,"href":"https:\/\/www.turiongroup.com\/ca\/wp-json\/wp\/v2\/pages\/1017\/revisions\/1018"}],"wp:attachment":[{"href":"https:\/\/www.turiongroup.com\/ca\/wp-json\/wp\/v2\/media?parent=1017"}],"curies":[{"name":"wp","href":"https:\/\/api.w.org\/{rel}","templated":true}]}}