{"id":1019,"date":"2025-11-24T13:49:23","date_gmt":"2025-11-24T12:49:23","guid":{"rendered":"https:\/\/www.turiongroup.com\/?page_id=1019"},"modified":"2026-03-03T09:05:34","modified_gmt":"2026-03-03T08:05:34","slug":"politica-de-privacitat","status":"publish","type":"page","link":"https:\/\/www.turiongroup.com\/ca\/politica-de-privacitat\/","title":{"rendered":"Pol\u00edtica de privacitat"},"content":{"rendered":"<p data-start=\"24\" data-end=\"613\">D\u2019acord amb el que estableix la normativa vigent en Protecci\u00f3 de Dades de Car\u00e0cter Personal, l\u2019informem que les seves dades seran incorporades al sistema de tractament titularitat d\u2019ESTURIONS DE COLORS, S.L., amb CIF ESB67612424 i domicili social al C\/ Sallent, 37 de Manresa, amb la finalitat d\u2019atendre les seves consultes i remetre-li comunicacions comercials que puguin ser del seu inter\u00e8s. En compliment de la normativa vigent, ESTURIONS DE COLORS, S.L. informa que les dades es conservaran durant el termini estrictament necessari per complir amb els preceptes esmentats anteriorment.<\/p>\n<p data-start=\"615\" data-end=\"848\">Mentre no ens comuniqui el contrari, entendrem que les seves dades no han estat modificades, que vost\u00e8 es compromet a notificar-nos qualsevol variaci\u00f3 i que tenim el seu consentiment per utilitzar-les per a les finalitats esmentades.<\/p>\n<p data-start=\"850\" data-end=\"1185\">ESTURIONS DE COLORS, S.L. informa que procedir\u00e0 a tractar les dades de manera l\u00edcita, lleial, transparent, adequada, pertinent, limitada, exacta i actualitzada. \u00c9s per aix\u00f2 que ESTURIONS DE COLORS, S.L. es compromet a adoptar totes les mesures raonables perqu\u00e8 aquestes es suprimeixin o rectifiquin sense dilaci\u00f3 quan siguin inexactes.<\/p>\n<p data-start=\"1187\" data-end=\"1607\">D\u2019acord amb els drets que li confereix la normativa vigent en protecci\u00f3 de dades, podr\u00e0 exercir els drets d\u2019acc\u00e9s, rectificaci\u00f3, limitaci\u00f3 de tractament, supressi\u00f3, portabilitat i oposici\u00f3 al tractament de les seves dades de car\u00e0cter personal, aix\u00ed com del consentiment prestat per al tractament de les mateixes, dirigint la seva petici\u00f3 a l\u2019adre\u00e7a postal indicada m\u00e9s amunt o al correu electr\u00f2nic <a class=\"decorated-link cursor-pointer\" rel=\"noopener\" data-start=\"1585\" data-end=\"1606\">info@lasamarretta.cat<\/a>.<\/p>\n<p data-start=\"1609\" data-end=\"2013\">Aix\u00ed mateix, i d\u2019acord amb el que estableix la Llei 34\/2002, de 11 de juliol, de Serveis de la Societat de la Informaci\u00f3 i de Comer\u00e7 Electr\u00f2nic, en el seu article 21, sol\u00b7licitem tamb\u00e9 el seu consentiment expr\u00e9s per enviar-li publicitat dels nostres productes o promocions que considerem puguin ser del seu inter\u00e8s, per correu electr\u00f2nic o per qualsevol altre mitj\u00e0 de comunicaci\u00f3 electr\u00f2nica equivalent.<\/p>\n<p data-start=\"2015\" data-end=\"2106\">\u25a1 He llegit i accepto rebre publicitat o informaci\u00f3 promocional d\u2019ESTURIONS DE COLORS, S.L.<\/p>\n<p data-start=\"2108\" data-end=\"2202\">\u25a1 He llegit i no accepto rebre publicitat o informaci\u00f3 promocional d\u2019ESTURIONS DE COLORS, S.L.<\/p>\n<p data-start=\"2204\" data-end=\"2373\">L\u2019informem que podr\u00e0 revocar en qualsevol moment el consentiment prestat a la recepci\u00f3 de comunicacions comercials enviant un correu electr\u00f2nic a: <a class=\"decorated-link cursor-pointer\" rel=\"noopener\" data-start=\"2351\" data-end=\"2372\">info@lasamarretta.cat<\/a>.<\/p>\n<p data-start=\"2375\" data-end=\"2478\" data-is-last-node=\"\" data-is-only-node=\"\">Podr\u00e0 adre\u00e7ar-se a l\u2019Autoritat de Control competent per presentar la reclamaci\u00f3 que consideri oportuna.<\/p>\n","protected":false},"excerpt":{"rendered":"<p>D\u2019acord amb el que estableix la normativa vigent en Protecci\u00f3 de Dades de Car\u00e0cter Personal, l\u2019informem que les seves dades seran incorporades al sistema de tractament titularitat d\u2019ESTURIONS DE COLORS, S.L., amb CIF ESB67612424 i domicili social al C\/ Sallent, 37 de Manresa, amb la finalitat d\u2019atendre les seves consultes i remetre-li comunicacions comercials que&#8230;<\/p>\n","protected":false},"author":1,"featured_media":0,"parent":0,"menu_order":0,"comment_status":"closed","ping_status":"closed","template":"","meta":{"_acf_changed":false,"inline_featured_image":false,"footnotes":""},"class_list":["post-1019","page","type-page","status-publish","hentry"],"acf":[],"_links":{"self":[{"href":"https:\/\/www.turiongroup.com\/ca\/wp-json\/wp\/v2\/pages\/1019","targetHints":{"allow":["GET"]}}],"collection":[{"href":"https:\/\/www.turiongroup.com\/ca\/wp-json\/wp\/v2\/pages"}],"about":[{"href":"https:\/\/www.turiongroup.com\/ca\/wp-json\/wp\/v2\/types\/page"}],"author":[{"embeddable":true,"href":"https:\/\/www.turiongroup.com\/ca\/wp-json\/wp\/v2\/users\/1"}],"replies":[{"embeddable":true,"href":"https:\/\/www.turiongroup.com\/ca\/wp-json\/wp\/v2\/comments?post=1019"}],"version-history":[{"count":1,"href":"https:\/\/www.turiongroup.com\/ca\/wp-json\/wp\/v2\/pages\/1019\/revisions"}],"predecessor-version":[{"id":1020,"href":"https:\/\/www.turiongroup.com\/ca\/wp-json\/wp\/v2\/pages\/1019\/revisions\/1020"}],"wp:attachment":[{"href":"https:\/\/www.turiongroup.com\/ca\/wp-json\/wp\/v2\/media?parent=1019"}],"curies":[{"name":"wp","href":"https:\/\/api.w.org\/{rel}","templated":true}]}}