{"id":1021,"date":"2025-11-24T13:49:07","date_gmt":"2025-11-24T12:49:07","guid":{"rendered":"https:\/\/www.turiongroup.com\/?page_id=1021"},"modified":"2026-03-03T09:19:09","modified_gmt":"2026-03-03T08:19:09","slug":"avis-legal","status":"publish","type":"page","link":"https:\/\/www.turiongroup.com\/ca\/avis-legal\/","title":{"rendered":"Av\u00eds legal"},"content":{"rendered":"<h3><strong>Informaci\u00f3 general sobre la seu electr\u00f2nica o lloc web d\u2019ESTURIONS DE COLORS, S.L. i els seus continguts<\/strong><\/h3>\n<p>Esturions de Colors, S.L. t\u00e9 la seva seu al C\/ Sallent, 37 de Manresa amb CIF B67612424. Esturions de Colors, S.L. t\u00e9 la seva seu electr\u00f2nica a l\u2019adre\u00e7a electr\u00f2nica www.lasamarretta.cat, sens perjudici que espor\u00e0dicament o permanentment hi pugui haver altres adreces que tamb\u00e9 permetin accedir als continguts del lloc web d\u2019Esturions de Colors, S.L. i als serveis prestats mitjan\u00e7ant aquest. Les informacions i els continguts relacionats amb l\u2019actuaci\u00f3 i les funcions d\u2019Esturions de Colors, S.L. inclosos al web estan subjectes a les disposicions seg\u00fcents.<\/p>\n<h3><strong>Protecci\u00f3 dels drets de propietat intel\u00b7lectual<\/strong><\/h3>\n<p>Els continguts i els elements gr\u00e0fics que formen part del lloc web www.lasamarretta.cat s\u00f3n de titularitat exclusiva d\u2019Esturions de Colors, S.L. o de terceres persones f\u00edsiques o jur\u00eddiques que han autoritzat Esturions de Colors, S.L. per al seu \u00fas. Els continguts del lloc web s\u00f3n objecte de propietat intel\u00b7lectual, amb les excepcions establertes a l\u2019article 13 del Reial decret legislatiu 1\/1996, de 12 d\u2019abril, pel qual s\u2019aprova el Text ref\u00f3s de la Llei de propietat intel\u00b7lectual. Per conseg\u00fcent, qualsevol \u00fas o reproducci\u00f3 que les persones usu\u00e0ries facin d\u2019aquests continguts, o d\u2019altres que es puguin incloure en el futur, s\u2019ha d\u2019efectuar seguint les disposicions i respectant les limitacions de la normativa esmentada. Esturions de Colors, S.L. explicita una reserva de drets amb car\u00e0cter general respecte del conjunt dels continguts difosos al lloc web i que s\u00f3n objecte de propietat intel\u00b7lectual. S\u2019admet l\u2019\u00fas personal i privat dels continguts d\u2019aquest lloc web que resulti apropiat i ajustat a la finalitat d\u2019aquesta seu electr\u00f2nica, concretada a l\u2019apartat anterior d\u2019aquest av\u00eds legal. Tanmateix, en determinats sup\u00f2sits, Esturions de Colors, S.L. pot indicar de manera expl\u00edcita que cal sol\u00b7licitar una autoritzaci\u00f3 expressa. En aquests casos, cal enviar la sol\u00b7licitud corresponent per escrit a:<\/p>\n<h3><strong>Esturions de Colors, S.L.<\/strong><\/h3>\n<p>C\/ Sallent, 37 Manresa 08243<\/p>\n<p>No s\u2019autoritza en cap cas:<br \/>\nLa presentaci\u00f3, mitjan\u00e7ant framing, d\u2019una p\u00e0gina del lloc web en una finestra que no pertanyi a Esturions de Colors, S.L.<br \/>\nLa inserci\u00f3, mitjan\u00e7ant in line linking, d\u2019una imatge difosa al lloc web en una p\u00e0gina que no sigui d\u2019Esturions de Colors, S.L.<br \/>\nL\u2019extracci\u00f3 d\u2019elements del lloc web que causi perjudici a Esturions de Colors, S.L. d\u2019acord amb les disposicions vigents.<br \/>\nL\u2019\u00fas comercial dels continguts del lloc web d\u2019Esturions de Colors, S.L.<br \/>\nL\u2019\u00fas de marques o signes distintius, logotips i, en general, s\u00edmbols distintius de qualsevol naturalesa, que siguin propietat d\u2019Esturions de Colors, S.L., sense el seu coneixement i la corresponent autoritzaci\u00f3.<br \/>\nEsturions de Colors, S.L. es reserva el dret d\u2019exercir les accions, els procediments i les mesures cautelars procedents, previstos a la legislaci\u00f3 sobre propietat intel\u00b7lectual, en relaci\u00f3 amb la comissi\u00f3 d\u2019infraccions de la normativa sobre propietat intel\u00b7lectual per part dels usuaris. Les infraccions que es cometin a causa de la utilitzaci\u00f3 fraudulenta de la informaci\u00f3 i dels continguts del lloc web d\u2019Esturions de Colors, S.L. poden comportar les sancions establertes legalment, especialment al Codi penal (articles 270 i seg\u00fcents).<\/p>\n<h3><strong>Protecci\u00f3 de dades de car\u00e0cter personal<\/strong><\/h3>\n<p>A) Dades recollides a trav\u00e9s de formularis Quan la persona usu\u00e0ria facilita les seves dades personals a trav\u00e9s d\u2019aquesta seu electr\u00f2nica, el tractament que se\u2019n pugui derivar est\u00e0 sotm\u00e8s al que estableix la Llei org\u00e0nica 15\/1999, de 13 de desembre, de protecci\u00f3 de dades de car\u00e0cter personal i la resta de normativa aplicable. Esturions de Colors, S.L. nom\u00e9s tracta les dades personals de les persones usu\u00e0ries de la seu electr\u00f2nica que resultin adequades, pertinents i no excessives per al compliment de la finalitat d\u2019atendre-les correctament i en relaci\u00f3 amb l\u2019exercici de les funcions de Bufete Mas, a l\u2019efecte del que disposa el principi de qualitat (article 4 de la LOPD). Si la persona usu\u00e0ria vol exercir els drets d\u2019acc\u00e9s, rectificaci\u00f3, cancel\u00b7laci\u00f3 o oposici\u00f3 (drets ARCO) en relaci\u00f3 amb les seves dades de car\u00e0cter personal tractades per Rapejun, S.L., en els termes i condicions establerts al t\u00edtol III de la LOPD, es pot adre\u00e7ar a:<\/p>\n<h3><strong>Esturions de Colors, S.L.<\/strong><\/h3>\n<p>C\/ Sallent, 37 Manresa 08243 administracio@lasamarretta.cat<\/p>\n<p>D\u2019acord amb el que disposa l\u2019article 24 del Reglament de la LOPD, tamb\u00e9 es poden formular les sol\u00b7licituds d\u2019acc\u00e9s, rectificaci\u00f3, cancel\u00b7laci\u00f3 o oposici\u00f3 utilitzant altres mitjans, sempre que aquests permetin acreditar l\u2019enviament i la recepci\u00f3 de la sol\u00b7licitud, i que aquesta contingui els elements especificats a l\u2019article 25.1 del RLOPD.<br \/>\nB) Dades de navegaci\u00f3<br \/>\nEl sistema de navegaci\u00f3 i el programari necessaris per al funcionament d\u2019aquest lloc web recullen, de manera est\u00e0ndard, algunes dades la transmissi\u00f3 de les quals \u00e9s impl\u00edcita en l\u2019\u00fas dels protocols de comunicaci\u00f3 d\u2019Internet. En aquesta categoria de dades s\u2019hi troben l\u2019adre\u00e7a IP o el nom de domini de l\u2019ordinador utilitzat per la persona usu\u00e0ria per connectar-se al lloc web, l\u2019adre\u00e7a URL del recurs sol\u00b7licitat, l\u2019hora, el m\u00e8tode utilitzat per a la consulta al servidor, la mida del fitxer obtingut en la resposta i el codi num\u00e8ric que indica l\u2019estat de la resposta al servidor, aix\u00ed com altres par\u00e0metres relatius al sistema operatiu de l\u2019entorn inform\u00e0tic de la persona usu\u00e0ria. Aquesta informaci\u00f3 no s\u2019associa a persones usu\u00e0ries concretes i s\u2019utilitza amb la finalitat exclusiva d\u2019obtenir informaci\u00f3 estad\u00edstica sobre l\u2019\u00fas del lloc web d\u2019Esturions de Colors, S.L. A la seva seu electr\u00f2nica, Esturions de Colors, S.L. no utilitza cookies ni altres mitjans de naturalesa an\u00e0loga per al tractament de dades personals que permetin la identificaci\u00f3 de persones f\u00edsiques concretes, usu\u00e0ries de la seu electr\u00f2nica. L\u2019\u00fas d\u2019aquests mitjans es reserva exclusivament per recollir informaci\u00f3 t\u00e8cnica per facilitar a les persones usu\u00e0ries l\u2019accessibilitat i l\u2019exploraci\u00f3 segura i eficient de la seu electr\u00f2nica d\u2019Esturions de Colors, S.L.<\/p>\n<h3><strong>Responsabilitat quant als continguts<\/strong><\/h3>\n<p>En aplicaci\u00f3 del que disposa la legislaci\u00f3 vigent, en concret, la Llei 11\/2007, de 22 de juny, d\u2019acc\u00e9s electr\u00f2nic dels ciutadans als serveis p\u00fablics, Esturions de Colors, S.L. treballa perqu\u00e8 les informacions, els continguts i els serveis oferts o difosos al seu lloc web compleixin suficientment la necess\u00e0ria integritat, veracitat, actualitzaci\u00f3, accessibilitat i usabilitat d\u2019aquesta informaci\u00f3, d\u2019aquests continguts i d\u2019aquests serveis. A aquest efecte, cal tenir en compte, respecte de cadascun dels continguts, la data d\u2019actualitzaci\u00f3 que s\u2019indiqui en cada cas. En aquest sentit, Esturions de Colors, S.L. es reserva el dret de modificar els continguts del web i d\u2019eliminar-los, aix\u00ed com de limitar o impedir l\u2019acc\u00e9s, temporalment o definitivament, sense notificaci\u00f3 pr\u00e8via, amb l\u2019objectiu de complir la llei esmentada. La informaci\u00f3 que es pugui oferir a trav\u00e9s d\u2019aquest lloc web no substitueix en cap cas la publicitat de les lleis, les disposicions generals i els actes que hagin de ser publicats o difosos en diaris o butlletins oficials. Les edicions impreses o les publicacions electr\u00f2niques dels diaris i butlletins oficials s\u00f3n les \u00faniques que tenen car\u00e0cter oficial i aut\u00e8ntic. Esturions de Colors, S.L. no es fa responsable de la informaci\u00f3 ni dels continguts d\u2019altres p\u00e0gines web a les quals remeti o amb les quals enllaci el portal d\u2019Esturions de Colors, S.L. Tanmateix, d\u2019acord amb el que disposa la Recomanaci\u00f3 1\/2008 d\u2019Esturions de Colors, S.L. sobre la difusi\u00f3 d\u2019informaci\u00f3 que contingui dades de car\u00e0cter personal a trav\u00e9s d\u2019Internet, es revisen peri\u00f2dicament els enlla\u00e7os a altres p\u00e0gines web a fi d\u2019evitar la inclusi\u00f3 d\u2019enlla\u00e7os que no compleixin la normativa de protecci\u00f3 de dades i la resta de normativa vigent.<\/p>\n","protected":false},"excerpt":{"rendered":"<p>Informaci\u00f3 general sobre la seu electr\u00f2nica o lloc web d\u2019ESTURIONS DE COLORS, S.L. i els seus continguts Esturions de Colors, S.L. t\u00e9 la seva seu al C\/ Sallent, 37 de Manresa amb CIF B67612424. Esturions de Colors, S.L. t\u00e9 la seva seu electr\u00f2nica a l\u2019adre\u00e7a electr\u00f2nica www.lasamarretta.cat, sens perjudici que espor\u00e0dicament o permanentment hi pugui&#8230;<\/p>\n","protected":false},"author":1,"featured_media":0,"parent":0,"menu_order":0,"comment_status":"closed","ping_status":"closed","template":"","meta":{"_acf_changed":false,"inline_featured_image":false,"footnotes":""},"class_list":["post-1021","page","type-page","status-publish","hentry"],"acf":[],"_links":{"self":[{"href":"https:\/\/www.turiongroup.com\/ca\/wp-json\/wp\/v2\/pages\/1021","targetHints":{"allow":["GET"]}}],"collection":[{"href":"https:\/\/www.turiongroup.com\/ca\/wp-json\/wp\/v2\/pages"}],"about":[{"href":"https:\/\/www.turiongroup.com\/ca\/wp-json\/wp\/v2\/types\/page"}],"author":[{"embeddable":true,"href":"https:\/\/www.turiongroup.com\/ca\/wp-json\/wp\/v2\/users\/1"}],"replies":[{"embeddable":true,"href":"https:\/\/www.turiongroup.com\/ca\/wp-json\/wp\/v2\/comments?post=1021"}],"version-history":[{"count":1,"href":"https:\/\/www.turiongroup.com\/ca\/wp-json\/wp\/v2\/pages\/1021\/revisions"}],"predecessor-version":[{"id":1022,"href":"https:\/\/www.turiongroup.com\/ca\/wp-json\/wp\/v2\/pages\/1021\/revisions\/1022"}],"wp:attachment":[{"href":"https:\/\/www.turiongroup.com\/ca\/wp-json\/wp\/v2\/media?parent=1021"}],"curies":[{"name":"wp","href":"https:\/\/api.w.org\/{rel}","templated":true}]}}